{"id":298,"date":"2025-06-05T19:43:15","date_gmt":"2025-06-05T19:43:15","guid":{"rendered":"https:\/\/wash.digitalmonkey.se\/?page_id=298"},"modified":"2025-06-21T10:45:41","modified_gmt":"2025-06-21T10:45:41","slug":"om-oss","status":"publish","type":"page","link":"https:\/\/wash.digitalmonkey.se\/index.php\/om-oss\/","title":{"rendered":"Om oss"},"content":{"rendered":"<section class=\"bde-section-298-100 bde-section\">\n              \n  \n  \n\t\n\n  <div class=\"section-background-overlay\"><\/div>\n\n\n        <div class=\"section-shape-divider-wrapper section-shape-divider-wrapper--1\">\n          <span class=\"section-shape-divider\">\n                      <svg\n                xmlns=\"http:\/\/www.w3.org\/2000\/svg\"\n                viewBox=\"0 0 1440 320\"\n                preserveAspectRatio=\"none\"\n            >\n              <path fill=\"currentColor\" fill-opacity=\"1\" d=\"M0,128L720,288L1440,64L1440,320L720,320L0,320Z\"><\/path>\n            <\/svg>\n                    <\/span>\n      <\/div>\n  <div class=\"section-container\"><div class=\"bde-columns-298-101 bde-columns\"><div class=\"bde-column-298-102 bde-column\">\n  \n  \n\t\n\n\n\n<h1 class=\"bde-heading-298-103 bde-heading\">\nOm oss\n<\/h1><div class=\"bde-text-298-104 bde-text\">\nV\u00e4lkommen till Style Wash & Dekor \u2013 din p\u00e5litliga partner f\u00f6r bilv\u00e5rd i Stockholm. Med \u00f6ver 15 \u00e5rs erfarenhet inom branschen \u00e4r vi stolta \u00f6ver att ge dig en service i v\u00e4rldsklass. V\u00e5rt m\u00e5l \u00e4r att du l\u00e4mnar med en skinande bil och ett leende varje g\u00e5ng.\n<\/div><div class=\"bde-fancy-divider-298-105 bde-fancy-divider\">\n\n\n<div class=\"bde-fancy-divider__wrapper\">\n  <div class=\"bde-fancy-divider__separator has-content has-content-center \">\n  \t    \t    \t    \t\t\t    \t\t<div class=\"bde-fancy-divider__content bde-fancy-divider__content--icon\"><svg xmlns=\"http:\/\/www.w3.org\/2000\/svg\" viewBox=\"0 0 384 512\"><!--! Font Awesome Free 6.5.1 by @fontawesome - https:\/\/fontawesome.com License - https:\/\/fontawesome.com\/license\/free (Icons: CC BY 4.0, Fonts: SIL OFL 1.1, Code: MIT License) Copyright 2023 Fonticons, Inc. --><path d=\"M32 64C14.3 64 0 49.7 0 32S14.3 0 32 0l96 0c53 0 96 43 96 96l0 306.7 73.4-73.4c12.5-12.5 32.8-12.5 45.3 0s12.5 32.8 0 45.3l-128 128c-12.5 12.5-32.8 12.5-45.3 0l-128-128c-12.5-12.5-12.5-32.8 0-45.3s32.8-12.5 45.3 0L160 402.7 160 96c0-17.7-14.3-32-32-32L32 64z\"\/><\/svg><\/div>\n    \t                  <\/div>\n<\/div>\n\n<\/div><div class=\"bde-back-to-top-298-106 bde-back-to-top bde-back-to-top--progress is-sticky\">\n\n\n<button aria-label=\"Back to top\" tabindex=\"0\" class=\"bde-back-to-top__button bde-back-to-top__button--progress bde-back-to-top__button--show-always bde-back-to-top__button--animation-fade is-sticky  js-ee-back-to-top\">\n    \t<svg class=\"bde-back-to-top__progress-svg js-progress-svg\" width=\"100%\" height=\"100%\" viewBox=\"-1 -1 102 102\">\n\t  <path class=\"background\" d=\"M50,1 a49,49 0 0,1 0,98 a49,49 0 0,1 0,-98\"\/>\n      <path class=\"tracker\" d=\"M50,1 a49,49 0 0,1 0,98 a49,49 0 0,1 0,-98\"\/>\n  \t<\/svg>\n         <div class=\"bde-back-to-top__icon-wrap\">\n                <svg xmlns=\"http:\/\/www.w3.org\/2000\/svg\" viewBox=\"0 0 384 512\"><!--! Font Awesome Free 6.5.1 by @fontawesome - https:\/\/fontawesome.com License - https:\/\/fontawesome.com\/license\/free (Icons: CC BY 4.0, Fonts: SIL OFL 1.1, Code: MIT License) Copyright 2023 Fonticons, Inc. --><path d=\"M32 448c-17.7 0-32 14.3-32 32s14.3 32 32 32l96 0c53 0 96-43 96-96l0-306.7 73.4 73.4c12.5 12.5 32.8 12.5 45.3 0s12.5-32.8 0-45.3l-128-128c-12.5-12.5-32.8-12.5-45.3 0l-128 128c-12.5 12.5-12.5 32.8 0 45.3s32.8 12.5 45.3 0L160 109.3 160 416c0 17.7-14.3 32-32 32l-96 0z\"\/><\/svg>\n          <\/div>\n    <\/button>\n\n\n<\/div>\n<\/div><\/div><\/div>\n<\/section><section class=\"bde-section-298-107 bde-section\">\n              \n  \n  \n\t\n\n  <div class=\"section-background-overlay\"><\/div>\n\n\n<div class=\"section-container\"><div class=\"bde-div-298-146 bde-div\">\n  \n  \n\t\n\n\n\n<h1 class=\"bde-heading-298-147 bde-heading\">\n15 \u00e5rs erfarenhet\n<\/h1><div class=\"bde-text-298-148 bde-text\">\nV\u00e5rt erfarna team ger din bil omsorgsfull v\u00e5rd och behandling. Vi tillhandah\u00e5ller omfattande tj\u00e4nster f\u00f6r att tillgodose dina krav.\n<\/div>\n<\/div><div class=\"bde-div-298-108 bde-div\">\n  \n  \n\t\n\n\n\n<div class=\"bde-columns-298-109 bde-columns\"><div class=\"bde-column-298-110 bde-column\">\n  \n  \n\t\n\n\n\n<div class=\"bde-frequently-asked-questions-298-111 bde-frequently-asked-questions\">\n      <div class=\"bde-faq__item\">\n      <h3 class=\"bde-faq__title-tag\">\n       <button id=\"bde-faq-111-button-1\" aria-expanded=\"false\" aria-controls=\"bde-faq-111-1\" class=\"bde-faq__question js-faq-item\">\n          <span class=\"bde-faq__title\">Om Style Wash<\/span>\n                           <div aria-hidden=\"true\" class=\"bde-faq__icon bde-faq__icon--inactive\">\n                                <svg xmlns=\"http:\/\/www.w3.org\/2000\/svg\" viewBox=\"0 0 448 512\"><!-- Font Awesome Free 5.15.1 by @fontawesome - https:\/\/fontawesome.com License - https:\/\/fontawesome.com\/license\/free (Icons: CC BY 4.0, Fonts: SIL OFL 1.1, Code: MIT License) --><path d=\"M416 208H272V64c0-17.67-14.33-32-32-32h-32c-17.67 0-32 14.33-32 32v144H32c-17.67 0-32 14.33-32 32v32c0 17.67 14.33 32 32 32h144v144c0 17.67 14.33 32 32 32h32c17.67 0 32-14.33 32-32V304h144c17.67 0 32-14.33 32-32v-32c0-17.67-14.33-32-32-32z\"\/><\/svg>\n                            <\/div>\n         \t  <div aria-hidden=\"true\" class=\"bde-faq__icon bde-faq__icon--active\">\n                                <svg xmlns=\"http:\/\/www.w3.org\/2000\/svg\" viewBox=\"0 0 448 512\"><!-- Font Awesome Free 5.15.1 by @fontawesome - https:\/\/fontawesome.com License - https:\/\/fontawesome.com\/license\/free (Icons: CC BY 4.0, Fonts: SIL OFL 1.1, Code: MIT License) --><path d=\"M416 208H32c-17.67 0-32 14.33-32 32v32c0 17.67 14.33 32 32 32h384c17.67 0 32-14.33 32-32v-32c0-17.67-14.33-32-32-32z\"\/><\/svg>\n                            <\/div>\n                  <\/button>\n      <\/h3>\n      <div role=\"region\" aria-labelledby=\"bde-faq-111-button-1\" id=\"bde-faq-111-1\" class=\"bde-faq__answer\">\n        <div class=\"bde-faq__answer-content\">\n            <div class=\"breakdance-rich-text-styles\"><p>V\u00e4lkommen till Style Wash &amp; Dekor \u2013 ditt professionella val f\u00f6r bilv\u00e5rd. I mer \u00e4n 15 \u00e5r har vi gett bilar h\u00f6gkvalitativ behandling. Fr\u00e5n grundlig reng\u00f6ring till extraordin\u00e4r glans \u2013 vi \u00f6vertr\u00e4ffar alltid f\u00f6rv\u00e4ntningarna. Boka idag och k\u00e4nn skillnaden!<\/p><\/div>\n\n                    <\/div>\n      <\/div>\n    <\/div>\n  \n<\/div>\n<\/div><div class=\"bde-column-298-112 bde-column\">\n  \n  \n\t\n\n\n\n<div class=\"bde-icon-box-298-113 bde-icon-box\">\n\n    \n            <div class=\"ee-iconbox-icon breakdance-icon-atom\" >\n    \n                    <svg xmlns=\"http:\/\/www.w3.org\/2000\/svg\" id=\"icon-clock2\" viewBox=\"0 0 32 32\">\n<path d=\"M16 0c-8.837 0-16 7.163-16 16s7.163 16 16 16 16-7.163 16-16-7.163-16-16-16zM20.586 23.414l-6.586-6.586v-8.828h4v7.172l5.414 5.414-2.829 2.829z\"\/>\n<\/svg>\n        \n        \n        \n            <\/div>\n    \n\n<div class=\"ee-iconbox-content\">\n      <h3 class=\"ee-iconbox-title bde-h3\" >Stort utbud av biltv\u00e4ttstj\u00e4nster<\/h3>\n        <div class=\"ee-iconbox-text\" >Vi erbjuder ett brett urval av tj\u00e4nster \u2013 fr\u00e5n snabb utv\u00e4ndig tv\u00e4tt till noggrann helrekond. Oavsett behov har vi n\u00e5got som passar just din bil, med h\u00f6g kvalitet och trygg service.<\/div>\n    <\/div>\n\n<\/div><div class=\"bde-icon-box-298-114 bde-icon-box\">\n\n    \n            <div class=\"ee-iconbox-icon breakdance-icon-atom\" >\n    \n                    <svg xmlns=\"http:\/\/www.w3.org\/2000\/svg\" viewBox=\"0 0 576 512\"><!-- Font Awesome Free 5.15.1 by @fontawesome - https:\/\/fontawesome.com License - https:\/\/fontawesome.com\/license\/free (Icons: CC BY 4.0, Fonts: SIL OFL 1.1, Code: MIT License) --><path d=\"M271.06,144.3l54.27,14.3a8.59,8.59,0,0,1,6.63,8.1c0,4.6-4.09,8.4-9.12,8.4h-35.6a30,30,0,0,1-11.19-2.2c-5.24-2.2-11.28-1.7-15.3,2l-19,17.5a11.68,11.68,0,0,0-2.25,2.66,11.42,11.42,0,0,0,3.88,15.74,83.77,83.77,0,0,0,34.51,11.5V240c0,8.8,7.83,16,17.37,16h17.37c9.55,0,17.38-7.2,17.38-16V222.4c32.93-3.6,57.84-31,53.5-63-3.15-23-22.46-41.3-46.56-47.7L282.68,97.4a8.59,8.59,0,0,1-6.63-8.1c0-4.6,4.09-8.4,9.12-8.4h35.6A30,30,0,0,1,332,83.1c5.23,2.2,11.28,1.7,15.3-2l19-17.5A11.31,11.31,0,0,0,368.47,61a11.43,11.43,0,0,0-3.84-15.78,83.82,83.82,0,0,0-34.52-11.5V16c0-8.8-7.82-16-17.37-16H295.37C285.82,0,278,7.2,278,16V33.6c-32.89,3.6-57.85,31-53.51,63C227.63,119.6,247,137.9,271.06,144.3ZM565.27,328.1c-11.8-10.7-30.2-10-42.6,0L430.27,402a63.64,63.64,0,0,1-40,14H272a16,16,0,0,1,0-32h78.29c15.9,0,30.71-10.9,33.25-26.6a31.2,31.2,0,0,0,.46-5.46A32,32,0,0,0,352,320H192a117.66,117.66,0,0,0-74.1,26.29L71.4,384H16A16,16,0,0,0,0,400v96a16,16,0,0,0,16,16H372.77a64,64,0,0,0,40-14L564,377a32,32,0,0,0,1.28-48.9Z\"\/><\/svg>\n        \n        \n        \n            <\/div>\n    \n\n<div class=\"ee-iconbox-content\">\n      <h3 class=\"ee-iconbox-title bde-h3\" >R\u00e4ttvisa priser<\/h3>\n        <div class=\"ee-iconbox-text\" >Hos oss f\u00e5r du alltid tydliga och r\u00e4ttvisa priser. Vi erbjuder konkurrenskraftiga alternativ utan dolda avgifter \u2013 bara \u00e4rlig priss\u00e4ttning och bilv\u00e5rd som ger dig valuta f\u00f6r pengarna, varje g\u00e5ng du bes\u00f6ker oss.<\/div>\n    <\/div>\n\n<\/div>\n<\/div><div class=\"bde-column-298-115 bde-column\">\n  \n  \n\t\n\n\n\n<div class=\"bde-icon-box-298-116 bde-icon-box\">\n\n    \n            <div class=\"ee-iconbox-icon breakdance-icon-atom\" >\n    \n                    <svg xmlns=\"http:\/\/www.w3.org\/2000\/svg\" id=\"icon-equalizer\" viewBox=\"0 0 32 32\">\n<path d=\"M14 4v-0.5c0-0.825-0.675-1.5-1.5-1.5h-5c-0.825 0-1.5 0.675-1.5 1.5v0.5h-6v4h6v0.5c0 0.825 0.675 1.5 1.5 1.5h5c0.825 0 1.5-0.675 1.5-1.5v-0.5h18v-4h-18zM8 8v-4h4v4h-4zM26 13.5c0-0.825-0.675-1.5-1.5-1.5h-5c-0.825 0-1.5 0.675-1.5 1.5v0.5h-18v4h18v0.5c0 0.825 0.675 1.5 1.5 1.5h5c0.825 0 1.5-0.675 1.5-1.5v-0.5h6v-4h-6v-0.5zM20 18v-4h4v4h-4zM14 23.5c0-0.825-0.675-1.5-1.5-1.5h-5c-0.825 0-1.5 0.675-1.5 1.5v0.5h-6v4h6v0.5c0 0.825 0.675 1.5 1.5 1.5h5c0.825 0 1.5-0.675 1.5-1.5v-0.5h18v-4h-18v-0.5zM8 28v-4h4v4h-4z\"\/>\n<\/svg>\n        \n        \n        \n            <\/div>\n    \n\n<div class=\"ee-iconbox-content\">\n      <h3 class=\"ee-iconbox-title bde-h3\" >Kvalificerad personal<\/h3>\n        <div class=\"ee-iconbox-text\" >V\u00e5rt erfarna team \u00e4r utbildat f\u00f6r att ge din bil den b\u00e4sta m\u00f6jliga v\u00e5rden. Med noggrannhet, kunskap och omtanke ser vi till att din bil behandlas professionellt fr\u00e5n b\u00f6rjan till slut.<\/div>\n    <\/div>\n\n<\/div><div class=\"bde-icon-box-298-117 bde-icon-box\">\n\n    \n            <div class=\"ee-iconbox-icon breakdance-icon-atom\" >\n    \n                    <svg xmlns=\"http:\/\/www.w3.org\/2000\/svg\" viewBox=\"0 0 512 512\"><!-- Font Awesome Free 5.15.1 by @fontawesome - https:\/\/fontawesome.com License - https:\/\/fontawesome.com\/license\/free (Icons: CC BY 4.0, Fonts: SIL OFL 1.1, Code: MIT License) --><path d=\"M32 448c0 17.7 14.3 32 32 32h160V320H32v128zm256 32h160c17.7 0 32-14.3 32-32V320H288v160zm192-320h-42.1c6.2-12.1 10.1-25.5 10.1-40 0-48.5-39.5-88-88-88-41.6 0-68.5 21.3-103 68.3-34.5-47-61.4-68.3-103-68.3-48.5 0-88 39.5-88 88 0 14.5 3.8 27.9 10.1 40H32c-17.7 0-32 14.3-32 32v80c0 8.8 7.2 16 16 16h480c8.8 0 16-7.2 16-16v-80c0-17.7-14.3-32-32-32zm-326.1 0c-22.1 0-40-17.9-40-40s17.9-40 40-40c19.9 0 34.6 3.3 86.1 80h-86.1zm206.1 0h-86.1c51.4-76.5 65.7-80 86.1-80 22.1 0 40 17.9 40 40s-17.9 40-40 40z\"\/><\/svg>\n        \n        \n        \n            <\/div>\n    \n\n<div class=\"ee-iconbox-content\">\n      <h3 class=\"ee-iconbox-title bde-h3\" >B\u00e4sta erbjudanden<\/h3>\n        <div class=\"ee-iconbox-text\" >Vi har \u00e5terkommande kampanjer och erbjudanden f\u00f6r b\u00e5de nya och \u00e5terkommande kunder. H\u00e5ll dig uppdaterad f\u00f6r att ta del av v\u00e5ra b\u00e4sta priser och f\u00f6rm\u00e5ner p\u00e5 professionell och prisv\u00e4rd bilv\u00e5rd \u00e5ret runt.<\/div>\n    <\/div>\n\n<\/div>\n<\/div><\/div>\n<\/div><\/div>\n<\/section>","protected":false},"excerpt":{"rendered":"<p>Om oss V\u00e4lkommen till Style Wash &#038; Dekor \u2013 din p\u00e5litliga partner f\u00f6r bilv\u00e5rd i Stockholm. Med \u00f6ver 15 \u00e5rs erfarenhet inom branschen \u00e4r vi stolta \u00f6ver att ge dig en service i v\u00e4rldsklass. V\u00e5rt m\u00e5l \u00e4r att du l\u00e4mnar med en skinande bil och ett leende varje g\u00e5ng. 15 \u00e5rs erfarenhet V\u00e5rt erfarna team [&hellip;]<\/p>\n","protected":false},"author":1,"featured_media":0,"parent":0,"menu_order":0,"comment_status":"closed","ping_status":"closed","template":"","meta":{"_breakdance_hide_in_design_set":false,"_breakdance_tags":"","footnotes":""},"class_list":["post-298","page","type-page","status-publish","hentry"],"_links":{"self":[{"href":"https:\/\/wash.digitalmonkey.se\/index.php\/wp-json\/wp\/v2\/pages\/298","targetHints":{"allow":["GET"]}}],"collection":[{"href":"https:\/\/wash.digitalmonkey.se\/index.php\/wp-json\/wp\/v2\/pages"}],"about":[{"href":"https:\/\/wash.digitalmonkey.se\/index.php\/wp-json\/wp\/v2\/types\/page"}],"author":[{"embeddable":true,"href":"https:\/\/wash.digitalmonkey.se\/index.php\/wp-json\/wp\/v2\/users\/1"}],"replies":[{"embeddable":true,"href":"https:\/\/wash.digitalmonkey.se\/index.php\/wp-json\/wp\/v2\/comments?post=298"}],"version-history":[{"count":26,"href":"https:\/\/wash.digitalmonkey.se\/index.php\/wp-json\/wp\/v2\/pages\/298\/revisions"}],"predecessor-version":[{"id":468,"href":"https:\/\/wash.digitalmonkey.se\/index.php\/wp-json\/wp\/v2\/pages\/298\/revisions\/468"}],"wp:attachment":[{"href":"https:\/\/wash.digitalmonkey.se\/index.php\/wp-json\/wp\/v2\/media?parent=298"}],"curies":[{"name":"wp","href":"https:\/\/api.w.org\/{rel}","templated":true}]}}